{"id":893,"date":"2026-03-16T07:28:37","date_gmt":"2026-03-16T07:28:37","guid":{"rendered":"https:\/\/puro.hap.agency\/?page_id=893"},"modified":"2026-04-01T02:40:38","modified_gmt":"2026-04-01T02:40:38","slug":"contact-us","status":"publish","type":"page","link":"https:\/\/puro.hap.agency\/en\/contact-us\/","title":{"rendered":"Contact Us"},"content":{"rendered":"<div data-elementor-type=\"wp-page\" data-elementor-id=\"893\" class=\"elementor elementor-893\" data-elementor-post-type=\"page\">\n\t\t\t\t<div class=\"elementor-element elementor-element-bbb4d1a e-con-full body-bg e-flex e-con e-parent\" data-id=\"bbb4d1a\" data-element_type=\"container\" data-settings=\"{&quot;background_background&quot;:&quot;classic&quot;,&quot;position&quot;:&quot;fixed&quot;}\">\n\t\t\t\t<\/div>\n\t\t<div class=\"elementor-element elementor-element-fd55634 e-flex e-con-boxed e-con e-parent\" data-id=\"fd55634\" data-element_type=\"container\" data-settings=\"{&quot;background_background&quot;:&quot;classic&quot;}\">\n\t\t\t\t\t<div class=\"e-con-inner\">\n\t\t\t\t<div class=\"elementor-element elementor-element-7cdbe3c page-title elementor-widget elementor-widget-heading\" data-id=\"7cdbe3c\" data-element_type=\"widget\" data-widget_type=\"heading.default\">\n\t\t\t\t\t<h1 class=\"elementor-heading-title elementor-size-default\">Contact us<\/h1>\t\t\t\t<\/div>\n\t\t\t\t\t<\/div>\n\t\t\t\t<\/div>\n\t\t<div class=\"elementor-element elementor-element-116d5df section e-flex e-con-boxed e-con e-parent\" data-id=\"116d5df\" data-element_type=\"container\">\n\t\t\t\t\t<div class=\"e-con-inner\">\n\t\t<div class=\"elementor-element elementor-element-d5c179d e-con-full e-flex e-con e-child\" data-id=\"d5c179d\" data-element_type=\"container\">\n\t\t\t\t<div class=\"elementor-element elementor-element-b548a91 section-desc elementor-widget elementor-widget-text-editor\" data-id=\"b548a91\" data-element_type=\"widget\" data-widget_type=\"text-editor.default\">\n\t\t\t\t\t\t\t\t\t<p><span style=\"font-weight: 400;\">To ensure the most attentive service, Puro House will hold your reservation for up to 15 minutes past the scheduled time. Should there be any changes to your arrival time or party size, we kindly ask that you inform us in advance so we can arrange the most suitable seating for you.<\/span><\/p>\t\t\t\t\t\t\t\t<\/div>\n\t\t<div class=\"elementor-element elementor-element-83ee67e e-grid e-con-full e-con e-child\" data-id=\"83ee67e\" data-element_type=\"container\">\n\t\t<div class=\"elementor-element elementor-element-ab59bb7 e-con-full e-flex e-con e-child\" data-id=\"ab59bb7\" data-element_type=\"container\">\n\t\t\t\t<div class=\"elementor-element elementor-element-2c0a05b elementor-widget elementor-widget-heading\" data-id=\"2c0a05b\" data-element_type=\"widget\" data-widget_type=\"heading.default\">\n\t\t\t\t\t<h3 class=\"elementor-heading-title elementor-size-default\">Address:<\/h3>\t\t\t\t<\/div>\n\t\t\t\t<div class=\"elementor-element elementor-element-5090a74 elementor-widget elementor-widget-text-editor\" data-id=\"5090a74\" data-element_type=\"widget\" data-widget_type=\"text-editor.default\">\n\t\t\t\t\t\t\t\t\t<p>CS1 (10:30 \u2013 22:00): 25A Grand Marina, Ecopark, Hung Yen<br \/>CS2 (10:00 \u2013 23:00): 10 Tong Duy Tan St., Cua Nam Ward, Hanoi<\/p>\t\t\t\t\t\t\t\t<\/div>\n\t\t\t\t<\/div>\n\t\t<div class=\"elementor-element elementor-element-410149e e-con-full e-flex e-con e-child\" data-id=\"410149e\" data-element_type=\"container\">\n\t\t\t\t<div class=\"elementor-element elementor-element-22fecdc elementor-widget elementor-widget-heading\" data-id=\"22fecdc\" data-element_type=\"widget\" data-widget_type=\"heading.default\">\n\t\t\t\t\t<h3 class=\"elementor-heading-title elementor-size-default\">Hotline:<\/h3>\t\t\t\t<\/div>\n\t\t\t\t<div class=\"elementor-element elementor-element-2218ab7 text-info elementor-widget elementor-widget-text-editor\" data-id=\"2218ab7\" data-element_type=\"widget\" data-widget_type=\"text-editor.default\">\n\t\t\t\t\t\t\t\t\t<p>Ecopark: <a href=\"tel: 0963.622.669\">0963.622.669<\/a><br \/>Tong Duy Tan: <a href=\"tel: 0967.622.669\">0967.622.669<\/a><\/p>\t\t\t\t\t\t\t\t<\/div>\n\t\t\t\t<\/div>\n\t\t\t\t<\/div>\n\t\t\t\t<\/div>\n\t\t<div class=\"elementor-element elementor-element-5d95ccd e-con-full elementor-hidden-mobile e-flex e-con e-child\" data-id=\"5d95ccd\" data-element_type=\"container\">\n\t\t\t\t<div class=\"elementor-element elementor-element-1735cec elementor-absolute e-transform elementor-widget elementor-widget-image\" data-id=\"1735cec\" data-element_type=\"widget\" data-settings=\"{&quot;_position&quot;:&quot;absolute&quot;,&quot;_transform_translateX_effect&quot;:{&quot;unit&quot;:&quot;%&quot;,&quot;size&quot;:-50,&quot;sizes&quot;:[]},&quot;_transform_translateX_effect_tablet&quot;:{&quot;unit&quot;:&quot;%&quot;,&quot;size&quot;:&quot;&quot;,&quot;sizes&quot;:[]},&quot;_transform_translateX_effect_mobile&quot;:{&quot;unit&quot;:&quot;%&quot;,&quot;size&quot;:&quot;&quot;,&quot;sizes&quot;:[]},&quot;_transform_translateY_effect&quot;:{&quot;unit&quot;:&quot;%&quot;,&quot;size&quot;:-50,&quot;sizes&quot;:[]},&quot;_transform_translateY_effect_tablet&quot;:{&quot;unit&quot;:&quot;%&quot;,&quot;size&quot;:&quot;&quot;,&quot;sizes&quot;:[]},&quot;_transform_translateY_effect_mobile&quot;:{&quot;unit&quot;:&quot;%&quot;,&quot;size&quot;:&quot;&quot;,&quot;sizes&quot;:[]}}\" data-widget_type=\"image.default\">\n\t\t\t\t\t\t\t\t\t\t\t\t\t\t\t<img fetchpriority=\"high\" decoding=\"async\" width=\"683\" height=\"1024\" src=\"https:\/\/puro.hap.agency\/wp-content\/uploads\/2026\/03\/BDN04617-683x1024.jpg\" class=\"attachment-large size-large wp-image-807\" alt=\"\" srcset=\"https:\/\/puro.hap.agency\/wp-content\/uploads\/2026\/03\/BDN04617-683x1024.jpg 683w, https:\/\/puro.hap.agency\/wp-content\/uploads\/2026\/03\/BDN04617-200x300.jpg 200w, https:\/\/puro.hap.agency\/wp-content\/uploads\/2026\/03\/BDN04617-768x1152.jpg 768w, https:\/\/puro.hap.agency\/wp-content\/uploads\/2026\/03\/BDN04617-1024x1536.jpg 1024w, https:\/\/puro.hap.agency\/wp-content\/uploads\/2026\/03\/BDN04617-1365x2048.jpg 1365w, https:\/\/puro.hap.agency\/wp-content\/uploads\/2026\/03\/BDN04617-scaled.jpg 1707w\" sizes=\"(max-width: 683px) 100vw, 683px\" \/>\t\t\t\t\t\t\t\t\t\t\t\t\t\t\t<\/div>\n\t\t\t\t<\/div>\n\t\t\t\t\t<\/div>\n\t\t\t\t<\/div>\n\t\t<div class=\"elementor-element elementor-element-7c3bd60 e-flex e-con-boxed e-con e-parent\" data-id=\"7c3bd60\" data-element_type=\"container\">\n\t\t\t\t\t<div class=\"e-con-inner\">\n\t\t\t\t<div class=\"elementor-element elementor-element-3e67810 elementor-widget elementor-widget-image\" data-id=\"3e67810\" data-element_type=\"widget\" data-widget_type=\"image.default\">\n\t\t\t\t\t\t\t\t\t\t\t\t\t\t\t<img decoding=\"async\" width=\"2560\" height=\"1707\" src=\"https:\/\/puro.hap.agency\/wp-content\/uploads\/2026\/03\/BDN09499-scaled.jpg\" class=\"attachment-full size-full wp-image-730\" alt=\"\" srcset=\"https:\/\/puro.hap.agency\/wp-content\/uploads\/2026\/03\/BDN09499-scaled.jpg 2560w, https:\/\/puro.hap.agency\/wp-content\/uploads\/2026\/03\/BDN09499-300x200.jpg 300w, https:\/\/puro.hap.agency\/wp-content\/uploads\/2026\/03\/BDN09499-1024x683.jpg 1024w, https:\/\/puro.hap.agency\/wp-content\/uploads\/2026\/03\/BDN09499-768x512.jpg 768w, https:\/\/puro.hap.agency\/wp-content\/uploads\/2026\/03\/BDN09499-1536x1024.jpg 1536w, https:\/\/puro.hap.agency\/wp-content\/uploads\/2026\/03\/BDN09499-2048x1365.jpg 2048w\" sizes=\"(max-width: 2560px) 100vw, 2560px\" \/>\t\t\t\t\t\t\t\t\t\t\t\t\t\t\t<\/div>\n\t\t\t\t\t<\/div>\n\t\t\t\t<\/div>\n\t\t<div class=\"elementor-element elementor-element-86b56ab section e-flex e-con-boxed e-con e-parent\" data-id=\"86b56ab\" data-element_type=\"container\">\n\t\t\t\t\t<div class=\"e-con-inner\">\n\t\t<div class=\"elementor-element elementor-element-5fcae03 e-con-full e-flex e-con e-child\" data-id=\"5fcae03\" data-element_type=\"container\">\n\t\t\t\t<div class=\"elementor-element elementor-element-4be2871 section-title elementor-widget elementor-widget-heading\" data-id=\"4be2871\" data-element_type=\"widget\" data-widget_type=\"heading.default\">\n\t\t\t\t\t<h2 class=\"elementor-heading-title elementor-size-default\">A NOTE FROM PURO<\/h2>\t\t\t\t<\/div>\n\t\t\t\t<div class=\"elementor-element elementor-element-1228e88 section-desc elementor-widget elementor-widget-text-editor\" data-id=\"1228e88\" data-element_type=\"widget\" data-widget_type=\"text-editor.default\">\n\t\t\t\t\t\t\t\t\t<p>To ensure the most attentive service, Puro House will hold your reservation for up to 15 minutes past the scheduled time. Should there be any changes to your arrival time or party size, we kindly ask that you inform us in advance so we can arrange the most suitable seating for you.<br \/>Every dining experience at Puro is a special occasion. If you have any dietary restrictions or are celebrating a meaningful moment, please let us know \u2014 we would be delighted to help make your experience truly memorable.<\/p>\t\t\t\t\t\t\t\t<\/div>\n\t\t\t\t<\/div>\n\t\t\t\t\t<\/div>\n\t\t\t\t<\/div>\n\t\t\t\t<\/div>","protected":false},"excerpt":{"rendered":"<p>Contact us \u0110\u1ec3 qu\u00e1 tr\u00ecnh \u0111\u00f3n ti\u1ebfp \u0111\u01b0\u1ee3c chu \u0111\u00e1o nh\u1ea5t, Puro House xin ph\u00e9p gi\u1eef b\u00e0n trong v\u00f2ng 15 ph\u00fat so v\u1edbi gi\u1edd h\u1eb9n. N\u1ebfu c\u00f3 b\u1ea5t k\u1ef3 thay \u0111\u1ed5i n\u00e0o v\u1ec1 th\u1eddi gian ho\u1eb7c s\u1ed1 l\u01b0\u1ee3ng kh\u00e1ch, b\u1ea1n vui l\u00f2ng th\u00f4ng b\u00e1o s\u1edbm \u0111\u1ec3 ch\u00fang m\u00ecnh k\u1ecbp th\u1eddi s\u1eafp x\u1ebfp v\u1ecb tr\u00ed ph\u00f9 [&hellip;]<\/p>\n","protected":false},"author":1,"featured_media":0,"parent":0,"menu_order":0,"comment_status":"closed","ping_status":"closed","template":"","meta":{"footnotes":""},"class_list":["post-893","page","type-page","status-publish","hentry"],"acf":[],"_links":{"self":[{"href":"https:\/\/puro.hap.agency\/en\/wp-json\/wp\/v2\/pages\/893","targetHints":{"allow":["GET"]}}],"collection":[{"href":"https:\/\/puro.hap.agency\/en\/wp-json\/wp\/v2\/pages"}],"about":[{"href":"https:\/\/puro.hap.agency\/en\/wp-json\/wp\/v2\/types\/page"}],"author":[{"embeddable":true,"href":"https:\/\/puro.hap.agency\/en\/wp-json\/wp\/v2\/users\/1"}],"replies":[{"embeddable":true,"href":"https:\/\/puro.hap.agency\/en\/wp-json\/wp\/v2\/comments?post=893"}],"version-history":[{"count":51,"href":"https:\/\/puro.hap.agency\/en\/wp-json\/wp\/v2\/pages\/893\/revisions"}],"predecessor-version":[{"id":1452,"href":"https:\/\/puro.hap.agency\/en\/wp-json\/wp\/v2\/pages\/893\/revisions\/1452"}],"wp:attachment":[{"href":"https:\/\/puro.hap.agency\/en\/wp-json\/wp\/v2\/media?parent=893"}],"curies":[{"name":"wp","href":"https:\/\/api.w.org\/{rel}","templated":true}]}}