{"id":502,"date":"2026-03-14T07:58:50","date_gmt":"2026-03-14T07:58:50","guid":{"rendered":"https:\/\/puro.hap.agency\/?page_id=502"},"modified":"2026-04-01T03:18:46","modified_gmt":"2026-04-01T03:18:46","slug":"about-us","status":"publish","type":"page","link":"https:\/\/puro.hap.agency\/en\/about-us\/","title":{"rendered":"About us"},"content":{"rendered":"\t\t<div data-elementor-type=\"wp-page\" data-elementor-id=\"502\" class=\"elementor elementor-502\" data-elementor-post-type=\"page\">\n\t\t\t\t<div class=\"elementor-element elementor-element-3c99267 e-con-full body-bg e-flex e-con e-parent\" data-id=\"3c99267\" data-element_type=\"container\" data-settings=\"{&quot;background_background&quot;:&quot;classic&quot;,&quot;position&quot;:&quot;fixed&quot;}\">\n\t\t\t\t<\/div>\n\t\t<div class=\"elementor-element elementor-element-41d9d33 e-flex e-con-boxed e-con e-parent\" data-id=\"41d9d33\" data-element_type=\"container\" data-settings=\"{&quot;background_background&quot;:&quot;classic&quot;}\">\n\t\t\t\t\t<div class=\"e-con-inner\">\n\t\t\t\t<div class=\"elementor-element elementor-element-857a808 page-title elementor-widget elementor-widget-heading\" data-id=\"857a808\" data-element_type=\"widget\" data-widget_type=\"heading.default\">\n\t\t\t\t\t<h1 class=\"elementor-heading-title elementor-size-default\">About us<\/h1>\t\t\t\t<\/div>\n\t\t\t\t\t<\/div>\n\t\t\t\t<\/div>\n\t\t<div class=\"elementor-element elementor-element-266eae4 section e-flex e-con-boxed e-con e-parent\" data-id=\"266eae4\" data-element_type=\"container\">\n\t\t\t\t\t<div class=\"e-con-inner\">\n\t\t<div class=\"elementor-element elementor-element-3f0a963 e-con-full e-flex e-con e-child\" data-id=\"3f0a963\" data-element_type=\"container\">\n\t\t<div class=\"elementor-element elementor-element-2e3d69c e-con-full e-flex e-con e-child\" data-id=\"2e3d69c\" data-element_type=\"container\">\n\t\t\t\t<div class=\"elementor-element elementor-element-85132af section-title elementor-widget elementor-widget-heading\" data-id=\"85132af\" data-element_type=\"widget\" data-widget_type=\"heading.default\">\n\t\t\t\t\t<h2 class=\"elementor-heading-title elementor-size-default\">Puro House - A Taste Called Home<\/h2>\t\t\t\t<\/div>\n\t\t\t\t<div class=\"elementor-element elementor-element-08f8635 section-desc elementor-widget elementor-widget-text-editor\" data-id=\"08f8635\" data-element_type=\"widget\" data-widget_type=\"text-editor.default\">\n\t\t\t\t\t\t\t\t\t<p>T\u1ea1i Puro, ch\u00fang t\u00f4i b\u1eaft \u0111\u1ea7u m\u1ecdi m\u00f3n \u0103n t\u1eeb s\u1ef1 tr\u00e2n tr\u1ecdng nh\u1eefng g\u00ec nguy\u00ean s\u01a1 nh\u1ea5t. Tri\u1ebft l\u00fd &#8216;Puro&#8217; &#8211; s\u1ef1 thu\u1ea7n khi\u1ebft &#8211; hi\u1ec7n h\u1eefu trong t\u1eebng nh\u00e0nh rau hay l\u00e1t h\u1ea3i s\u1ea3n tuy\u1ec3n ch\u1ecdn, \u0111\u01b0\u1ee3c n\u00e2ng niu theo h\u00e0nh tr\u00ecnh &#8216;Origin-to-table&#8217;.<\/p>\t\t\t\t\t\t\t\t<\/div>\n\t\t\t\t<div class=\"elementor-element elementor-element-1f8fc15 section-desc elementor-widget__width-inherit elementor-absolute elementor-widget elementor-widget-text-editor\" data-id=\"1f8fc15\" data-element_type=\"widget\" data-settings=\"{&quot;_position&quot;:&quot;absolute&quot;}\" data-widget_type=\"text-editor.default\">\n\t\t\t\t\t\t\t\t\t<p>D\u01b0\u1edbi m\u00e1i nh\u00e0 n\u00e0y, m\u1ed7i \u0111\u0129a \u0103n l\u00e0 s\u1ef1 giao thoa h\u00e0i h\u00f2a gi\u1eefa phong v\u1ecb \u00dd n\u1ed3ng h\u1eadu v\u00e0 tinh th\u1ea7n Nh\u1eadt B\u1ea3n t\u1ed1i gi\u1ea3n. Kh\u00f4ng ph\u00f4 tr\u01b0\u01a1ng, s\u1ef1 t\u1eadn t\u00e2m c\u1ee7a ch\u00fang m\u00ecnh n\u1eb1m trong nh\u1eefng h\u01b0\u01a1ng v\u1ecb ch\u1eaft l\u1ecdc v\u00e0 m\u1ed9t kh\u00f4ng gian \u0111\u1ee7 \u1ea5m c\u00fang \u0111\u1ec3 b\u1ea1n c\u1ea3m nh\u1eadn b\u1eb1ng m\u1ecdi gi\u00e1c quan.<\/p>\t\t\t\t\t\t\t\t<\/div>\n\t\t\t\t<\/div>\n\t\t<div class=\"elementor-element elementor-element-8902674 e-con-full e-flex e-con e-child\" data-id=\"8902674\" data-element_type=\"container\">\n\t\t\t\t<div class=\"elementor-element elementor-element-a0cb1dc elementor-absolute elementor-widget__width-initial e-transform elementor-widget elementor-widget-image\" data-id=\"a0cb1dc\" data-element_type=\"widget\" data-settings=\"{&quot;_position&quot;:&quot;absolute&quot;,&quot;_transform_translateX_effect&quot;:{&quot;unit&quot;:&quot;%&quot;,&quot;size&quot;:&quot;&quot;,&quot;sizes&quot;:[]},&quot;_transform_translateX_effect_tablet&quot;:{&quot;unit&quot;:&quot;%&quot;,&quot;size&quot;:&quot;&quot;,&quot;sizes&quot;:[]},&quot;_transform_translateX_effect_mobile&quot;:{&quot;unit&quot;:&quot;%&quot;,&quot;size&quot;:&quot;&quot;,&quot;sizes&quot;:[]},&quot;_transform_translateY_effect&quot;:{&quot;unit&quot;:&quot;%&quot;,&quot;size&quot;:-50,&quot;sizes&quot;:[]},&quot;_transform_translateY_effect_tablet&quot;:{&quot;unit&quot;:&quot;%&quot;,&quot;size&quot;:&quot;&quot;,&quot;sizes&quot;:[]},&quot;_transform_translateY_effect_mobile&quot;:{&quot;unit&quot;:&quot;%&quot;,&quot;size&quot;:&quot;&quot;,&quot;sizes&quot;:[]}}\" data-widget_type=\"image.default\">\n\t\t\t\t\t\t\t\t\t\t\t\t\t\t\t<img fetchpriority=\"high\" decoding=\"async\" width=\"800\" height=\"1000\" src=\"https:\/\/puro.hap.agency\/wp-content\/uploads\/2026\/03\/5-819x1024.png\" class=\"attachment-large size-large wp-image-432\" alt=\"\" srcset=\"https:\/\/puro.hap.agency\/wp-content\/uploads\/2026\/03\/5-819x1024.png 819w, https:\/\/puro.hap.agency\/wp-content\/uploads\/2026\/03\/5-240x300.png 240w, https:\/\/puro.hap.agency\/wp-content\/uploads\/2026\/03\/5-768x960.png 768w, https:\/\/puro.hap.agency\/wp-content\/uploads\/2026\/03\/5.png 1200w\" sizes=\"(max-width: 800px) 100vw, 800px\" \/>\t\t\t\t\t\t\t\t\t\t\t\t\t\t\t<\/div>\n\t\t\t\t<div class=\"elementor-element elementor-element-9315f70 elementor-widget elementor-widget-image\" data-id=\"9315f70\" data-element_type=\"widget\" data-widget_type=\"image.default\">\n\t\t\t\t\t\t\t\t\t\t\t\t\t\t\t<img decoding=\"async\" width=\"1707\" height=\"2560\" src=\"https:\/\/puro.hap.agency\/wp-content\/uploads\/2026\/04\/BDN04165-scaled.jpg\" class=\"attachment-full size-full wp-image-1464\" alt=\"\" srcset=\"https:\/\/puro.hap.agency\/wp-content\/uploads\/2026\/04\/BDN04165-scaled.jpg 1707w, https:\/\/puro.hap.agency\/wp-content\/uploads\/2026\/04\/BDN04165-200x300.jpg 200w, https:\/\/puro.hap.agency\/wp-content\/uploads\/2026\/04\/BDN04165-683x1024.jpg 683w, https:\/\/puro.hap.agency\/wp-content\/uploads\/2026\/04\/BDN04165-768x1152.jpg 768w, https:\/\/puro.hap.agency\/wp-content\/uploads\/2026\/04\/BDN04165-1024x1536.jpg 1024w, https:\/\/puro.hap.agency\/wp-content\/uploads\/2026\/04\/BDN04165-1365x2048.jpg 1365w, https:\/\/puro.hap.agency\/wp-content\/uploads\/2026\/04\/BDN04165-8x12.jpg 8w\" sizes=\"(max-width: 1707px) 100vw, 1707px\" \/>\t\t\t\t\t\t\t\t\t\t\t\t\t\t\t<\/div>\n\t\t\t\t<\/div>\n\t\t\t\t<\/div>\n\t\t\t\t\t<\/div>\n\t\t\t\t<\/div>\n\t\t<div class=\"elementor-element elementor-element-4a00410 e-flex e-con-boxed e-con e-parent\" data-id=\"4a00410\" data-element_type=\"container\">\n\t\t\t\t\t<div class=\"e-con-inner\">\n\t\t\t\t<div class=\"elementor-element elementor-element-65e6015 elementor-widget__width-inherit elementor-widget elementor-widget-image\" data-id=\"65e6015\" data-element_type=\"widget\" data-widget_type=\"image.default\">\n\t\t\t\t\t\t\t\t\t\t\t\t\t\t\t<img decoding=\"async\" width=\"1536\" height=\"1024\" src=\"https:\/\/puro.hap.agency\/wp-content\/uploads\/2026\/03\/BDN04456-1536x1024.jpg\" class=\"attachment-1536x1536 size-1536x1536 wp-image-549\" alt=\"\" srcset=\"https:\/\/puro.hap.agency\/wp-content\/uploads\/2026\/03\/BDN04456-1536x1024.jpg 1536w, https:\/\/puro.hap.agency\/wp-content\/uploads\/2026\/03\/BDN04456-300x200.jpg 300w, https:\/\/puro.hap.agency\/wp-content\/uploads\/2026\/03\/BDN04456-1024x683.jpg 1024w, https:\/\/puro.hap.agency\/wp-content\/uploads\/2026\/03\/BDN04456-768x512.jpg 768w, https:\/\/puro.hap.agency\/wp-content\/uploads\/2026\/03\/BDN04456-2048x1365.jpg 2048w\" sizes=\"(max-width: 1536px) 100vw, 1536px\" \/>\t\t\t\t\t\t\t\t\t\t\t\t\t\t\t<\/div>\n\t\t\t\t\t<\/div>\n\t\t\t\t<\/div>\n\t\t<div class=\"elementor-element elementor-element-b9492a6 section e-flex e-con-boxed e-con e-parent\" data-id=\"b9492a6\" data-element_type=\"container\">\n\t\t\t\t\t<div class=\"e-con-inner\">\n\t\t\t\t<div class=\"elementor-element elementor-element-0072b16 section-desc elementor-widget elementor-widget-text-editor\" data-id=\"0072b16\" data-element_type=\"widget\" data-widget_type=\"text-editor.default\">\n\t\t\t\t\t\t\t\t\t<p><span style=\"font-weight: 400;\">Hy v\u1ecdng r\u1eb1ng, b\u1ea1n s\u1ebd t\u00ecm th\u1ea5y t\u1ea1i \u0111\u00e2y nh\u1eefng nh\u1ecbp ngh\u1ec9 th\u01b0 th\u00e1i v\u00e0 nh\u1eefng kho\u1ea3nh kh\u1eafc k\u1ebft n\u1ed1i ch\u00e2n th\u1eadt nh\u1ea5t.<\/span><\/p>\t\t\t\t\t\t\t\t<\/div>\n\t\t\t\t\t<\/div>\n\t\t\t\t<\/div>\n\t\t<div class=\"elementor-element elementor-element-4bd6507 e-flex e-con-boxed e-con e-parent\" data-id=\"4bd6507\" data-element_type=\"container\">\n\t\t\t\t\t<div class=\"e-con-inner\">\n\t\t\t\t<div class=\"elementor-element elementor-element-5a7b3ca elementor-widget elementor-widget-gallery\" data-id=\"5a7b3ca\" data-element_type=\"widget\" data-settings=\"{&quot;columns&quot;:3,&quot;columns_tablet&quot;:3,&quot;columns_mobile&quot;:3,&quot;aspect_ratio&quot;:&quot;1:1&quot;,&quot;gallery_layout&quot;:&quot;grid&quot;,&quot;gap&quot;:{&quot;unit&quot;:&quot;px&quot;,&quot;size&quot;:10,&quot;sizes&quot;:[]},&quot;gap_tablet&quot;:{&quot;unit&quot;:&quot;px&quot;,&quot;size&quot;:10,&quot;sizes&quot;:[]},&quot;gap_mobile&quot;:{&quot;unit&quot;:&quot;px&quot;,&quot;size&quot;:10,&quot;sizes&quot;:[]},&quot;content_hover_animation&quot;:&quot;fade-in&quot;}\" data-widget_type=\"gallery.default\">\n\t\t\t\t\t\t\t<div class=\"elementor-gallery__container\">\r\n\t\t\t\t\t\t\t<div class=\"e-gallery-item elementor-gallery-item elementor-animated-content\">\r\n\t\t\t\t\t<div class=\"e-gallery-image elementor-gallery-item__image\" data-thumbnail=\"https:\/\/puro.hap.agency\/wp-content\/uploads\/2026\/03\/BDN03506-scaled-e1774520378245-968x1024.jpg\" data-width=\"800\" data-height=\"846\" aria-label=\"\" role=\"img\" ><\/div>\r\n\t\t\t\t\t\t\t\t\t\t\t\t\t\t<\/div>\r\n\t\t\t\t\t\t\t<div class=\"e-gallery-item elementor-gallery-item elementor-animated-content\">\r\n\t\t\t\t\t<div class=\"e-gallery-image elementor-gallery-item__image\" data-thumbnail=\"https:\/\/puro.hap.agency\/wp-content\/uploads\/2026\/03\/P1023738-1-768x1024.jpg\" data-width=\"768\" data-height=\"1024\" aria-label=\"\" role=\"img\" ><\/div>\r\n\t\t\t\t\t\t\t\t\t\t\t\t\t\t<\/div>\r\n\t\t\t\t\t\t\t<div class=\"e-gallery-item elementor-gallery-item elementor-animated-content\">\r\n\t\t\t\t\t<div class=\"e-gallery-image elementor-gallery-item__image\" data-thumbnail=\"https:\/\/puro.hap.agency\/wp-content\/uploads\/2026\/03\/BDN04160-683x1024.jpg\" data-width=\"683\" data-height=\"1024\" aria-label=\"\" role=\"img\" ><\/div>\r\n\t\t\t\t\t\t\t\t\t\t\t\t\t\t<\/div>\r\n\t\t\t\t\t<\/div>\r\n\t\t\t\t\t<\/div>\n\t\t\t\t\t<\/div>\n\t\t\t\t<\/div>\n\t\t<div class=\"elementor-element elementor-element-ce2194a section e-flex e-con-boxed e-con e-parent\" data-id=\"ce2194a\" data-element_type=\"container\">\n\t\t\t\t\t<div class=\"e-con-inner\">\n\t\t<div class=\"elementor-element elementor-element-2877868 e-con-full section-header e-flex e-con e-child\" data-id=\"2877868\" data-element_type=\"container\">\n\t\t\t\t<div class=\"elementor-element elementor-element-5004d7d section-title elementor-widget elementor-widget-heading\" data-id=\"5004d7d\" data-element_type=\"widget\" data-widget_type=\"heading.default\">\n\t\t\t\t\t<h2 class=\"elementor-heading-title elementor-size-default\">OUR GALLERY<\/h2>\t\t\t\t<\/div>\n\t\t\t\t<div class=\"elementor-element elementor-element-2938cfd btn btn-arrow elementor-widget elementor-widget-button\" data-id=\"2938cfd\" data-element_type=\"widget\" data-widget_type=\"button.default\">\n\t\t\t\t\t\t\t\t\t\t<a class=\"elementor-button elementor-button-link elementor-size-sm\" href=\"https:\/\/puro.hap.agency\/en\/our-gallery\/\">\n\t\t\t\t\t\t<span class=\"elementor-button-content-wrapper\">\n\t\t\t\t\t\t<span class=\"elementor-button-icon\">\n\t\t\t\t<svg aria-hidden=\"true\" class=\"e-font-icon-svg e-fas-arrow-right\" viewBox=\"0 0 448 512\" xmlns=\"http:\/\/www.w3.org\/2000\/svg\"><path d=\"M190.5 66.9l22.2-22.2c9.4-9.4 24.6-9.4 33.9 0L441 239c9.4 9.4 9.4 24.6 0 33.9L246.6 467.3c-9.4 9.4-24.6 9.4-33.9 0l-22.2-22.2c-9.5-9.5-9.3-25 .4-34.3L311.4 296H24c-13.3 0-24-10.7-24-24v-32c0-13.3 10.7-24 24-24h287.4L190.9 101.2c-9.8-9.3-10-24.8-.4-34.3z\"><\/path><\/svg>\t\t\t<\/span>\n\t\t\t\t\t\t\t\t\t<span class=\"elementor-button-text\">XEM TH\u00caM<\/span>\n\t\t\t\t\t<\/span>\n\t\t\t\t\t<\/a>\n\t\t\t\t\t\t\t\t<\/div>\n\t\t\t\t<\/div>\n\t\t\t\t<div class=\"elementor-element elementor-element-95f7efd elementor-grid-3 elementor-grid-tablet-2 elementor-grid-mobile-1 elementor-widget elementor-widget-loop-grid\" data-id=\"95f7efd\" data-element_type=\"widget\" data-settings=\"{&quot;template_id&quot;:598,&quot;_skin&quot;:&quot;post&quot;,&quot;columns&quot;:&quot;3&quot;,&quot;columns_tablet&quot;:&quot;2&quot;,&quot;columns_mobile&quot;:&quot;1&quot;,&quot;edit_handle_selector&quot;:&quot;[data-elementor-type=\\&quot;loop-item\\&quot;]&quot;,&quot;row_gap&quot;:{&quot;unit&quot;:&quot;px&quot;,&quot;size&quot;:&quot;&quot;,&quot;sizes&quot;:[]},&quot;row_gap_tablet&quot;:{&quot;unit&quot;:&quot;px&quot;,&quot;size&quot;:&quot;&quot;,&quot;sizes&quot;:[]},&quot;row_gap_mobile&quot;:{&quot;unit&quot;:&quot;px&quot;,&quot;size&quot;:&quot;&quot;,&quot;sizes&quot;:[]}}\" data-widget_type=\"loop-grid.post\">\n\t\t\t\t\t\t\t<div class=\"elementor-loop-container elementor-grid\">\r\n\t\t<style id=\"loop-598\">.elementor-598 .elementor-element.elementor-element-9f297cf{--display:flex;}.elementor-widget-theme-post-featured-image .widget-image-caption{color:var( --e-global-color-text );font-family:var( --e-global-typography-text-font-family ), Sans-serif;font-weight:var( --e-global-typography-text-font-weight );}.elementor-598 .elementor-element.elementor-element-56b1b4f img{width:100%;height:100%;object-fit:cover;object-position:center center;}.elementor-598 .elementor-element.elementor-element-8648b5e{--display:flex;--position:absolute;--justify-content:flex-end;--overlay-opacity:0.8;--padding-top:20px;--padding-bottom:20px;--padding-left:20px;--padding-right:20px;top:0px;}.elementor-598 .elementor-element.elementor-element-8648b5e::before, .elementor-598 .elementor-element.elementor-element-8648b5e > .elementor-background-video-container::before, .elementor-598 .elementor-element.elementor-element-8648b5e > .e-con-inner > .elementor-background-video-container::before, .elementor-598 .elementor-element.elementor-element-8648b5e > .elementor-background-slideshow::before, .elementor-598 .elementor-element.elementor-element-8648b5e > .e-con-inner > .elementor-background-slideshow::before, .elementor-598 .elementor-element.elementor-element-8648b5e > .elementor-motion-effects-container > .elementor-motion-effects-layer::before{background-color:transparent;--background-overlay:'';background-image:linear-gradient(180deg, var( --e-global-color-accent ) 0%, var( --e-global-color-text ) 100%);}.elementor-598 .elementor-element.elementor-element-8648b5e:hover::before, .elementor-598 .elementor-element.elementor-element-8648b5e:hover > .elementor-background-video-container::before, .elementor-598 .elementor-element.elementor-element-8648b5e:hover > .e-con-inner > .elementor-background-video-container::before, .elementor-598 .elementor-element.elementor-element-8648b5e > .elementor-background-slideshow:hover::before, .elementor-598 .elementor-element.elementor-element-8648b5e > .e-con-inner > .elementor-background-slideshow:hover::before{background-color:transparent;--background-overlay:'';background-image:linear-gradient(180deg, var( --e-global-color-accent ) 0%, var( --e-global-color-text ) 100%);}.elementor-598 .elementor-element.elementor-element-8648b5e:hover{--overlay-opacity:0.6;}body:not(.rtl) .elementor-598 .elementor-element.elementor-element-8648b5e{left:0px;}body.rtl .elementor-598 .elementor-element.elementor-element-8648b5e{right:0px;}.elementor-widget-theme-post-title .elementor-heading-title{font-family:var( --e-global-typography-primary-font-family ), Sans-serif;font-weight:var( --e-global-typography-primary-font-weight );color:var( --e-global-color-primary );}.elementor-598 .elementor-element.elementor-element-f67fbad{text-align:center;}.elementor-598 .elementor-element.elementor-element-f67fbad .elementor-heading-title{font-family:\"Livvic\", Sans-serif;font-size:clamp(18px, 2.6vw, 32px);font-weight:600;color:var( --e-global-color-secondary );}@media(max-width:767px){.elementor-598 .elementor-element.elementor-element-8648b5e{--padding-top:10px;--padding-bottom:10px;--padding-left:10px;--padding-right:10px;}}\/* Start custom CSS for theme-post-featured-image, class: .elementor-element-56b1b4f *\/.gallery-item__img{\n    aspect-ratio: 1\/1;\n    overflow: hidden;\n}\n@media(max-width: 767px){\n    .gallery-item__img{\n        aspect-ratio: 21\/9;\n    }\n}\/* End custom CSS *\/\n\/* Start custom CSS for container, class: .elementor-element-8648b5e *\/.elementor-598 .elementor-element.elementor-element-8648b5e{\n    width: 100%;\n    height: 100%;\n}\/* End custom CSS *\/<\/style>\t\t<div data-elementor-type=\"loop-item\" data-elementor-id=\"598\" class=\"elementor elementor-598 e-loop-item e-loop-item-594 post-594 gallery type-gallery status-publish has-post-thumbnail hentry\" data-elementor-post-type=\"elementor_library\" data-custom-edit-handle=\"1\">\r\n\t\t\t<div class=\"elementor-element elementor-element-9f297cf e-flex e-con-boxed e-con e-parent\" data-id=\"9f297cf\" data-element_type=\"container\">\n\t\t\t\t\t<div class=\"e-con-inner\">\n\t\t\t\t<div class=\"elementor-element elementor-element-56b1b4f gallery-item__img elementor-widget elementor-widget-theme-post-featured-image elementor-widget-image\" data-id=\"56b1b4f\" data-element_type=\"widget\" data-widget_type=\"theme-post-featured-image.default\">\n\t\t\t\t\t\t\t\t\t\t\t\t\t\t\t<img loading=\"lazy\" decoding=\"async\" width=\"683\" height=\"1024\" src=\"https:\/\/puro.hap.agency\/wp-content\/uploads\/2026\/03\/BDN04165-683x1024.jpg\" class=\"attachment-large size-large wp-image-592\" alt=\"\" srcset=\"https:\/\/puro.hap.agency\/wp-content\/uploads\/2026\/03\/BDN04165-683x1024.jpg 683w, https:\/\/puro.hap.agency\/wp-content\/uploads\/2026\/03\/BDN04165-200x300.jpg 200w, https:\/\/puro.hap.agency\/wp-content\/uploads\/2026\/03\/BDN04165-768x1152.jpg 768w, https:\/\/puro.hap.agency\/wp-content\/uploads\/2026\/03\/BDN04165-1024x1536.jpg 1024w, https:\/\/puro.hap.agency\/wp-content\/uploads\/2026\/03\/BDN04165-1365x2048.jpg 1365w, https:\/\/puro.hap.agency\/wp-content\/uploads\/2026\/03\/BDN04165-scaled.jpg 1707w\" sizes=\"(max-width: 683px) 100vw, 683px\" \/>\t\t\t\t\t\t\t\t\t\t\t\t\t\t\t<\/div>\n\t\t<a class=\"elementor-element elementor-element-8648b5e e-con-full e-flex e-con e-child\" data-id=\"8648b5e\" data-element_type=\"container\" data-settings=\"{&quot;position&quot;:&quot;absolute&quot;}\" href=\"https:\/\/puro.hap.agency\/en\/gallery\/our-people\/\">\n\t\t\t\t<div class=\"elementor-element elementor-element-f67fbad elementor-widget elementor-widget-theme-post-title elementor-page-title elementor-widget-heading\" data-id=\"f67fbad\" data-element_type=\"widget\" data-widget_type=\"theme-post-title.default\">\n\t\t\t\t\t<h3 class=\"elementor-heading-title elementor-size-default\">OUR PEOPLE<\/h3>\t\t\t\t<\/div>\n\t\t\t\t<\/a>\n\t\t\t\t\t<\/div>\n\t\t\t\t<\/div>\n\t\t\t\t<\/div>\r\n\t\t\t\t<div data-elementor-type=\"loop-item\" data-elementor-id=\"598\" class=\"elementor elementor-598 e-loop-item e-loop-item-591 post-591 gallery type-gallery status-publish has-post-thumbnail hentry\" data-elementor-post-type=\"elementor_library\" data-custom-edit-handle=\"1\">\r\n\t\t\t<div class=\"elementor-element elementor-element-9f297cf e-flex e-con-boxed e-con e-parent\" data-id=\"9f297cf\" data-element_type=\"container\">\n\t\t\t\t\t<div class=\"e-con-inner\">\n\t\t\t\t<div class=\"elementor-element elementor-element-56b1b4f gallery-item__img elementor-widget elementor-widget-theme-post-featured-image elementor-widget-image\" data-id=\"56b1b4f\" data-element_type=\"widget\" data-widget_type=\"theme-post-featured-image.default\">\n\t\t\t\t\t\t\t\t\t\t\t\t\t\t\t<img loading=\"lazy\" decoding=\"async\" width=\"800\" height=\"800\" src=\"https:\/\/puro.hap.agency\/wp-content\/uploads\/2026\/03\/Ban-sao-cua-24KK7098-1024x1024.jpg\" class=\"attachment-large size-large wp-image-593\" alt=\"\" srcset=\"https:\/\/puro.hap.agency\/wp-content\/uploads\/2026\/03\/Ban-sao-cua-24KK7098-1024x1024.jpg 1024w, https:\/\/puro.hap.agency\/wp-content\/uploads\/2026\/03\/Ban-sao-cua-24KK7098-300x300.jpg 300w, https:\/\/puro.hap.agency\/wp-content\/uploads\/2026\/03\/Ban-sao-cua-24KK7098-150x150.jpg 150w, https:\/\/puro.hap.agency\/wp-content\/uploads\/2026\/03\/Ban-sao-cua-24KK7098-768x768.jpg 768w, https:\/\/puro.hap.agency\/wp-content\/uploads\/2026\/03\/Ban-sao-cua-24KK7098-1536x1536.jpg 1536w, https:\/\/puro.hap.agency\/wp-content\/uploads\/2026\/03\/Ban-sao-cua-24KK7098-2048x2048.jpg 2048w\" sizes=\"(max-width: 800px) 100vw, 800px\" \/>\t\t\t\t\t\t\t\t\t\t\t\t\t\t\t<\/div>\n\t\t<a class=\"elementor-element elementor-element-8648b5e e-con-full e-flex e-con e-child\" data-id=\"8648b5e\" data-element_type=\"container\" data-settings=\"{&quot;position&quot;:&quot;absolute&quot;}\" href=\"https:\/\/puro.hap.agency\/en\/gallery\/foods\/\">\n\t\t\t\t<div class=\"elementor-element elementor-element-f67fbad elementor-widget elementor-widget-theme-post-title elementor-page-title elementor-widget-heading\" data-id=\"f67fbad\" data-element_type=\"widget\" data-widget_type=\"theme-post-title.default\">\n\t\t\t\t\t<h3 class=\"elementor-heading-title elementor-size-default\">FOODS<\/h3>\t\t\t\t<\/div>\n\t\t\t\t<\/a>\n\t\t\t\t\t<\/div>\n\t\t\t\t<\/div>\n\t\t\t\t<\/div>\r\n\t\t\t\t<div data-elementor-type=\"loop-item\" data-elementor-id=\"598\" class=\"elementor elementor-598 e-loop-item e-loop-item-581 post-581 gallery type-gallery status-publish has-post-thumbnail hentry\" data-elementor-post-type=\"elementor_library\" data-custom-edit-handle=\"1\">\r\n\t\t\t<div class=\"elementor-element elementor-element-9f297cf e-flex e-con-boxed e-con e-parent\" data-id=\"9f297cf\" data-element_type=\"container\">\n\t\t\t\t\t<div class=\"e-con-inner\">\n\t\t\t\t<div class=\"elementor-element elementor-element-56b1b4f gallery-item__img elementor-widget elementor-widget-theme-post-featured-image elementor-widget-image\" data-id=\"56b1b4f\" data-element_type=\"widget\" data-widget_type=\"theme-post-featured-image.default\">\n\t\t\t\t\t\t\t\t\t\t\t\t\t\t\t<img loading=\"lazy\" decoding=\"async\" width=\"800\" height=\"534\" src=\"https:\/\/puro.hap.agency\/wp-content\/uploads\/2026\/03\/BDN02554-1024x683.jpg\" class=\"attachment-large size-large wp-image-380\" alt=\"\" srcset=\"https:\/\/puro.hap.agency\/wp-content\/uploads\/2026\/03\/BDN02554-1024x683.jpg 1024w, https:\/\/puro.hap.agency\/wp-content\/uploads\/2026\/03\/BDN02554-300x200.jpg 300w, https:\/\/puro.hap.agency\/wp-content\/uploads\/2026\/03\/BDN02554-768x512.jpg 768w, https:\/\/puro.hap.agency\/wp-content\/uploads\/2026\/03\/BDN02554-1536x1024.jpg 1536w, https:\/\/puro.hap.agency\/wp-content\/uploads\/2026\/03\/BDN02554-2048x1365.jpg 2048w\" sizes=\"(max-width: 800px) 100vw, 800px\" \/>\t\t\t\t\t\t\t\t\t\t\t\t\t\t\t<\/div>\n\t\t<a class=\"elementor-element elementor-element-8648b5e e-con-full e-flex e-con e-child\" data-id=\"8648b5e\" data-element_type=\"container\" data-settings=\"{&quot;position&quot;:&quot;absolute&quot;}\" href=\"https:\/\/puro.hap.agency\/en\/gallery\/our-space\/\">\n\t\t\t\t<div class=\"elementor-element elementor-element-f67fbad elementor-widget elementor-widget-theme-post-title elementor-page-title elementor-widget-heading\" data-id=\"f67fbad\" data-element_type=\"widget\" data-widget_type=\"theme-post-title.default\">\n\t\t\t\t\t<h3 class=\"elementor-heading-title elementor-size-default\">OUR SPACE<\/h3>\t\t\t\t<\/div>\n\t\t\t\t<\/a>\n\t\t\t\t\t<\/div>\n\t\t\t\t<\/div>\n\t\t\t\t<\/div>\r\n\t\t\t\t<\/div>\r\n\t\t\r\n\t\t\t\t\t\t<\/div>\n\t\t\t\t\t<\/div>\n\t\t\t\t<\/div>\n\t\t\t\t<\/div>\n\t\t","protected":false},"excerpt":{"rendered":"<p>About us Puro House &#8211; A Taste Called Home T\u1ea1i Puro, ch\u00fang t\u00f4i b\u1eaft \u0111\u1ea7u m\u1ecdi m\u00f3n \u0103n t\u1eeb s\u1ef1 tr\u00e2n tr\u1ecdng nh\u1eefng g\u00ec nguy\u00ean s\u01a1 nh\u1ea5t. Tri\u1ebft l\u00fd &#8216;Puro&#8217; &#8211; s\u1ef1 thu\u1ea7n khi\u1ebft &#8211; hi\u1ec7n h\u1eefu trong t\u1eebng nh\u00e0nh rau hay l\u00e1t h\u1ea3i s\u1ea3n tuy\u1ec3n ch\u1ecdn, \u0111\u01b0\u1ee3c n\u00e2ng niu theo h\u00e0nh tr\u00ecnh &#8216;Origin-to-table&#8217;. D\u01b0\u1edbi [&hellip;]<\/p>\n","protected":false},"author":1,"featured_media":0,"parent":0,"menu_order":0,"comment_status":"closed","ping_status":"closed","template":"","meta":{"footnotes":""},"class_list":["post-502","page","type-page","status-publish","hentry"],"acf":[],"_links":{"self":[{"href":"https:\/\/puro.hap.agency\/en\/wp-json\/wp\/v2\/pages\/502","targetHints":{"allow":["GET"]}}],"collection":[{"href":"https:\/\/puro.hap.agency\/en\/wp-json\/wp\/v2\/pages"}],"about":[{"href":"https:\/\/puro.hap.agency\/en\/wp-json\/wp\/v2\/types\/page"}],"author":[{"embeddable":true,"href":"https:\/\/puro.hap.agency\/en\/wp-json\/wp\/v2\/users\/1"}],"replies":[{"embeddable":true,"href":"https:\/\/puro.hap.agency\/en\/wp-json\/wp\/v2\/comments?post=502"}],"version-history":[{"count":103,"href":"https:\/\/puro.hap.agency\/en\/wp-json\/wp\/v2\/pages\/502\/revisions"}],"predecessor-version":[{"id":1467,"href":"https:\/\/puro.hap.agency\/en\/wp-json\/wp\/v2\/pages\/502\/revisions\/1467"}],"wp:attachment":[{"href":"https:\/\/puro.hap.agency\/en\/wp-json\/wp\/v2\/media?parent=502"}],"curies":[{"name":"wp","href":"https:\/\/api.w.org\/{rel}","templated":true}]}}